{"id":20,"date":"2024-02-13T10:52:38","date_gmt":"2024-02-13T10:52:38","guid":{"rendered":"https:\/\/starotrnje-src.com\/?page_id=20"},"modified":"2024-04-21T13:00:01","modified_gmt":"2024-04-21T11:00:01","slug":"kontakt","status":"publish","type":"page","link":"https:\/\/starotrnje-src.com\/index.php\/kontakt\/","title":{"rendered":"Kontakt"},"content":{"rendered":"\n<hr class=\"wp-block-separator has-alpha-channel-opacity is-style-wide eplus-wrapper\"\/>\n\n\n\n<h3 class=\"wp-block-heading has-text-align-left eplus-wrapper\" style=\"padding-top:var(--wp--preset--spacing--30);padding-bottom:var(--wp--preset--spacing--30)\"><strong>Adresa:<\/strong><\/h3>\n\n\n\n<p class=\"eplus-wrapper\">SRC Staro Trnje<\/p>\n\n\n\n<p class=\"eplus-wrapper\">Josipa Andreisa 17<\/p>\n\n\n\n<p class=\"eplus-wrapper\" style=\"margin-bottom:var(--wp--preset--spacing--30)\">10000 Zagreb<\/p>\n\n\n\n<div class=\"wp-block-group eplus-wrapper is-nowrap is-layout-flex wp-container-core-group-is-layout-6c531013 wp-block-group-is-layout-flex\">\n<figure class=\"wp-block-image size-full is-resized eplus-wrapper wp-duotone-a62b0c-eceadf-1\"><a href=\"tel:385913456238\" target=\"_blank\" rel=\"noreferrer noopener\"><img loading=\"lazy\" decoding=\"async\" width=\"76\" height=\"76\" src=\"https:\/\/starotrnje-src.com\/wp-content\/uploads\/2024\/04\/telephone.jpg\" alt=\"\" class=\"wp-image-882\" style=\"aspect-ratio:1;width:50px;height:auto\"\/><\/a><\/figure>\n\n\n\n<p class=\"eplus-wrapper\">091\/3456-238<\/p>\n<\/div>\n\n\n\n<div class=\"wp-block-group eplus-wrapper is-nowrap is-layout-flex wp-container-core-group-is-layout-6c531013 wp-block-group-is-layout-flex\">\n<figure class=\"wp-block-image size-full is-resized eplus-wrapper wp-duotone-a62b0c-eceadf-2\"><a href=\"mailto:starotrnje.src@gmail.com\" target=\"_blank\" rel=\"noreferrer noopener\"><img decoding=\"async\" src=\"https:\/\/starotrnje-src.com\/wp-content\/uploads\/2024\/03\/envelope-closed-svgrepo-com.svg\" alt=\"\" class=\"wp-image-314\" style=\"aspect-ratio:1;width:51px;height:auto\"\/><\/a><\/figure>\n\n\n\n<p class=\"eplus-wrapper\">starotrnje.src@gmail.com<\/p>\n<\/div>\n\n\n\n<h3 class=\"wp-block-heading eplus-wrapper\" style=\"padding-top:var(--wp--preset--spacing--40);padding-bottom:var(--wp--preset--spacing--40)\"><strong>Radno vrijeme:<\/strong><\/h3>\n\n\n\n<p class=\"eplus-wrapper\">Svaki dan: 08 &#8211; 23 h<\/p>\n\n\n\n<p class=\"eplus-wrapper\">*Blagdanom radno vrijeme mo\u017ee biti prilago\u0111eno<\/p>\n\n\n\n<h3 class=\"wp-block-heading eplus-wrapper\" style=\"padding-top:var(--wp--preset--spacing--40);padding-bottom:var(--wp--preset--spacing--40)\"><strong>Parking:<\/strong><\/h3>\n\n\n\n<p class=\"eplus-wrapper\">Preporu\u010dujemo parking ju\u017eno od sportskog centra, uz nasip, a ne u Ul. J. Andreisa!<\/p>\n\n\n\n<p class=\"eplus-wrapper\">Pje\u0161a\u010dki prilaz centru mogu\u0107 na tri ulaza (J. Andreisa, Trnjanska i Trnjanski nasip).<\/p>\n\n\n\n<hr class=\"wp-block-separator has-alpha-channel-opacity is-style-wide eplus-wrapper\" style=\"margin-top:var(--wp--preset--spacing--40);margin-bottom:var(--wp--preset--spacing--40)\"\/>\n\n\n\n<h2 class=\"wp-block-heading eplus-wrapper\" style=\"padding-top:var(--wp--preset--spacing--20);padding-bottom:var(--wp--preset--spacing--20)\"><strong>Tenis:<\/strong><\/h2>\n\n\n\n<div class=\"wp-block-group eplus-wrapper is-nowrap is-layout-flex wp-container-core-group-is-layout-378adac9 wp-block-group-is-layout-flex\" style=\"margin-top:0;margin-bottom:0;padding-top:var(--wp--preset--spacing--10);padding-bottom:var(--wp--preset--spacing--10)\">\n<figure class=\"wp-block-image size-full is-resized eplus-wrapper wp-duotone-a62b0c-eceadf-3\"><a href=\"tel:385913456238\" target=\"_blank\" rel=\"noreferrer noopener\"><img loading=\"lazy\" decoding=\"async\" width=\"76\" height=\"76\" src=\"https:\/\/starotrnje-src.com\/wp-content\/uploads\/2024\/04\/telephone.jpg\" alt=\"\" class=\"wp-image-882\" style=\"aspect-ratio:1;width:58px;height:auto\"\/><\/a><\/figure>\n\n\n\n<p class=\"eplus-wrapper\">091\/3456-238<\/p>\n<\/div>\n\n\n\n<div class=\"wp-block-group eplus-wrapper is-nowrap is-layout-flex wp-container-core-group-is-layout-2b79da06 wp-block-group-is-layout-flex\" style=\"padding-top:var(--wp--preset--spacing--10);padding-bottom:var(--wp--preset--spacing--10)\">\n<figure class=\"wp-block-image size-full is-resized eplus-wrapper wp-duotone-unset-4\"><a href=\"https:\/\/wa.me\/385913456238\" target=\"_blank\" rel=\"noreferrer noopener\"><img decoding=\"async\" src=\"https:\/\/starotrnje-src.com\/wp-content\/uploads\/2024\/03\/whatsapp-color-svgrepo-com.svg\" alt=\"\" class=\"wp-image-312\" style=\"aspect-ratio:1;object-fit:cover;width:45px\"\/><\/a><\/figure>\n\n\n\n<p class=\"eplus-wrapper\"><\/p>\n<\/div>\n\n\n\n<figure class=\"wp-block-image size-full is-resized eplus-wrapper wp-duotone-a62b0c-eceadf-5\"><a href=\"https:\/\/sporty.plus\" target=\"_blank\" rel=\"noreferrer noopener\"><img loading=\"lazy\" decoding=\"async\" width=\"461\" height=\"75\" src=\"https:\/\/starotrnje-src.com\/wp-content\/uploads\/2024\/04\/novi_sporty_logo.jpg\" alt=\"\" class=\"wp-image-806\" style=\"width:320px;height:auto\" srcset=\"https:\/\/starotrnje-src.com\/wp-content\/uploads\/2024\/04\/novi_sporty_logo.jpg 461w, https:\/\/starotrnje-src.com\/wp-content\/uploads\/2024\/04\/novi_sporty_logo-300x49.jpg 300w\" sizes=\"auto, (max-width: 461px) 100vw, 461px\" \/><\/a><\/figure>\n\n\n\n<hr class=\"wp-block-separator has-alpha-channel-opacity is-style-wide eplus-wrapper\" style=\"margin-top:var(--wp--preset--spacing--50);margin-bottom:var(--wp--preset--spacing--50)\"\/>\n\n\n\n<h2 class=\"wp-block-heading eplus-wrapper\" style=\"padding-top:var(--wp--preset--spacing--20);padding-bottom:var(--wp--preset--spacing--20)\"><strong>Nogomet:<\/strong><\/h2>\n\n\n\n<div class=\"wp-block-group eplus-wrapper is-nowrap is-layout-flex wp-container-core-group-is-layout-2b79da06 wp-block-group-is-layout-flex\" style=\"padding-top:var(--wp--preset--spacing--10);padding-bottom:var(--wp--preset--spacing--10)\">\n<figure class=\"wp-block-image size-full is-resized eplus-wrapper wp-duotone-a62b0c-eceadf-6\"><a href=\"tel:38598347778\" target=\"_blank\" rel=\"noreferrer noopener\"><img loading=\"lazy\" decoding=\"async\" width=\"76\" height=\"76\" src=\"https:\/\/starotrnje-src.com\/wp-content\/uploads\/2024\/04\/telephone.jpg\" alt=\"\" class=\"wp-image-882\" style=\"aspect-ratio:1;width:56px;height:auto\"\/><\/a><\/figure>\n\n\n\n<p class=\"eplus-wrapper\">098\/347-778<\/p>\n<\/div>\n\n\n\n<figure class=\"wp-block-image size-full is-resized eplus-wrapper wp-duotone-unset-7\"><a href=\"https:\/\/wa.me\/38598347778\" target=\"_blank\" rel=\"noreferrer noopener\"><img decoding=\"async\" src=\"https:\/\/starotrnje-src.com\/wp-content\/uploads\/2024\/03\/whatsapp-color-svgrepo-com.svg\" alt=\"\" class=\"wp-image-312\" style=\"width:45px\"\/><\/a><\/figure>\n\n\n\n<hr class=\"wp-block-separator has-alpha-channel-opacity is-style-wide eplus-wrapper\" style=\"margin-top:var(--wp--preset--spacing--40);margin-bottom:var(--wp--preset--spacing--40)\"\/>\n\n\n\n<h3 class=\"wp-block-heading eplus-wrapper\" style=\"padding-top:var(--wp--preset--spacing--30);padding-bottom:var(--wp--preset--spacing--30)\">Kako do\u0107i do nas?<\/h3>\n\n\n<p><iframe src=\"https:\/\/www.google.com\/maps\/embed?pb=!1m14!1m8!1m3!1d11127.969617238143!2d15.9811815!3d45.7913799!3m2!1i1024!2i768!4f13.1!3m3!1m2!1s0x4765d7147ffcccd9%3A0xaeb8cc81f2777a76!2sSRC%20Staro%20Trnje!5e0!3m2!1sen!2shr!4v1712239638513!5m2!1sen!2shr\" width=\"600\" height=\"450\" style=\"border:0;display: block;\n  margin-left: auto;\n  margin-right: auto;\n  width: 95%;\" allowfullscreen=\"\" loading=\"lazy\" referrerpolicy=\"no-referrer-when-downgrade\"><\/iframe><\/p>","protected":false},"excerpt":{"rendered":"<p>Adresa: SRC Staro Trnje Josipa Andreisa 17 10000 Zagreb 091\/3456-238 starotrnje.src@gmail.com Radno vrijeme: Svaki dan: 08 &#8211; 23 h *Blagdanom radno vrijeme mo\u017ee biti prilago\u0111eno Parking: Preporu\u010dujemo parking ju\u017eno od sportskog centra, uz nasip, a ne u Ul. J. Andreisa! Pje\u0161a\u010dki prilaz centru mogu\u0107 na tri ulaza (J. Andreisa, Trnjanska i Trnjanski nasip). Tenis: 091\/3456-238 [&hellip;]<\/p>\n","protected":false},"author":1,"featured_media":0,"parent":0,"menu_order":0,"comment_status":"closed","ping_status":"closed","template":"","meta":{"footnotes":""},"class_list":["post-20","page","type-page","status-publish","hentry"],"_links":{"self":[{"href":"https:\/\/starotrnje-src.com\/index.php\/wp-json\/wp\/v2\/pages\/20","targetHints":{"allow":["GET"]}}],"collection":[{"href":"https:\/\/starotrnje-src.com\/index.php\/wp-json\/wp\/v2\/pages"}],"about":[{"href":"https:\/\/starotrnje-src.com\/index.php\/wp-json\/wp\/v2\/types\/page"}],"author":[{"embeddable":true,"href":"https:\/\/starotrnje-src.com\/index.php\/wp-json\/wp\/v2\/users\/1"}],"replies":[{"embeddable":true,"href":"https:\/\/starotrnje-src.com\/index.php\/wp-json\/wp\/v2\/comments?post=20"}],"version-history":[{"count":240,"href":"https:\/\/starotrnje-src.com\/index.php\/wp-json\/wp\/v2\/pages\/20\/revisions"}],"predecessor-version":[{"id":906,"href":"https:\/\/starotrnje-src.com\/index.php\/wp-json\/wp\/v2\/pages\/20\/revisions\/906"}],"wp:attachment":[{"href":"https:\/\/starotrnje-src.com\/index.php\/wp-json\/wp\/v2\/media?parent=20"}],"curies":[{"name":"wp","href":"https:\/\/api.w.org\/{rel}","templated":true}]}}