{"id":18,"date":"2024-02-13T10:52:23","date_gmt":"2024-02-13T10:52:23","guid":{"rendered":"https:\/\/starotrnje-src.com\/?page_id=18"},"modified":"2024-04-21T13:04:31","modified_gmt":"2024-04-21T11:04:31","slug":"novosti","status":"publish","type":"page","link":"https:\/\/starotrnje-src.com\/index.php\/novosti\/","title":{"rendered":"Novosti"},"content":{"rendered":"\n<div class=\"wp-block-group is-vertical is-content-justification-stretch is-layout-flex wp-container-core-group-is-layout-88260fae wp-block-group-is-layout-flex\" style=\"margin-top:var(--wp--preset--spacing--30);margin-bottom:var(--wp--preset--spacing--30)\">\n<hr class=\"wp-block-separator has-alpha-channel-opacity is-style-wide\"\/>\n\n\n\n<h4 class=\"wp-block-heading has-text-align-center\" style=\"padding-top:var(--wp--preset--spacing--10);padding-bottom:var(--wp--preset--spacing--10)\">LJETNA TENISKA SEZONA<\/h4>\n\n\n\n<div class=\"wp-block-media-text is-stacked-on-mobile is-vertically-aligned-center is-image-fill\" style=\"padding-top:0px;padding-right:0;padding-bottom:0px;padding-left:0;grid-template-columns:60% auto\"><figure class=\"wp-block-media-text__media\" style=\"background-image:url(https:\/\/starotrnje-src.com\/wp-content\/uploads\/2024\/04\/IMG-20240406-WA0000-1024x768.jpg);background-position:39% 65%\"><img loading=\"lazy\" decoding=\"async\" width=\"1024\" height=\"768\" src=\"https:\/\/starotrnje-src.com\/wp-content\/uploads\/2024\/04\/IMG-20240406-WA0000-1024x768.jpg\" alt=\"\" class=\"wp-image-864 size-full\" srcset=\"https:\/\/starotrnje-src.com\/wp-content\/uploads\/2024\/04\/IMG-20240406-WA0000-1024x768.jpg 1024w, https:\/\/starotrnje-src.com\/wp-content\/uploads\/2024\/04\/IMG-20240406-WA0000-300x225.jpg 300w, https:\/\/starotrnje-src.com\/wp-content\/uploads\/2024\/04\/IMG-20240406-WA0000-768x576.jpg 768w, https:\/\/starotrnje-src.com\/wp-content\/uploads\/2024\/04\/IMG-20240406-WA0000-1536x1152.jpg 1536w, https:\/\/starotrnje-src.com\/wp-content\/uploads\/2024\/04\/IMG-20240406-WA0000.jpg 1984w\" sizes=\"auto, (max-width: 1024px) 100vw, 1024px\" \/><\/figure><div class=\"wp-block-media-text__content\">\n<p class=\"has-text-align-left\">Na Starom Trnju tenis se igra od prolje\u0107a do kasne jeseni, bez zimske sezone u balonu. Na\u0161e zemljane terene smo vrhunski uredili za tenisa\u010de u suradnji s <a href=\"https:\/\/www.facebook.com\/p\/Hortikultura-Knezi%C4%87-MGG-100063896830114\/\" target=\"_blank\" rel=\"noreferrer noopener\"><strong>Hortikulturom Knezi\u0107<\/strong><\/a> pa uz na\u0161u lanjsku veliku novost &#8211; led reflektore &#8211; nudimo sve preduvjete za odli\u010dnu igru. Uobi\u010dajeno, vrata na\u0161eg centra otvorena su od 8 do 23 sata. U suradnji s na\u0161im partnerom <a href=\"https:\/\/teniswil.hr\/\" target=\"_blank\" rel=\"noreferrer noopener\"><strong>Teniswil\u00a0<\/strong><\/a> nudimo loptice za tenis i gripsije na \u0161anku na\u0161eg klupskog kafi\u0107a kao i mogu\u0107nost kupnje druge sportske opreme te \u0161pananje reketa.<\/p>\n\n\n\n<p><a href=\"https:\/\/starotrnje-src.com\/index.php\/tenis\/\" data-type=\"page\" data-id=\"12\" target=\"_blank\" rel=\"noreferrer noopener\">Rezervacije i informacije<\/a><\/p>\n<\/div><\/div>\n<\/div>\n\n\n\n<div class=\"wp-block-group is-vertical is-content-justification-stretch is-layout-flex wp-container-core-group-is-layout-88260fae wp-block-group-is-layout-flex\" style=\"margin-top:var(--wp--preset--spacing--30);margin-bottom:var(--wp--preset--spacing--30)\">\n<hr class=\"wp-block-separator has-alpha-channel-opacity is-style-wide\"\/>\n\n\n\n<h4 class=\"wp-block-heading has-text-align-center\" style=\"padding-top:var(--wp--preset--spacing--10);padding-bottom:var(--wp--preset--spacing--10)\">REZERVIRAJTE TERMIN ZA NOGOMET<\/h4>\n\n\n\n<div class=\"wp-block-media-text is-stacked-on-mobile is-vertically-aligned-center is-image-fill\" style=\"padding-top:0px;padding-right:0;padding-bottom:0px;padding-left:0;grid-template-columns:58% auto\"><figure class=\"wp-block-media-text__media\" style=\"background-image:url(https:\/\/starotrnje-src.com\/wp-content\/uploads\/2024\/02\/347237624_719001330023438_8063071118328023150_n.jpg);background-position:98% 16%\"><img loading=\"lazy\" decoding=\"async\" width=\"760\" height=\"960\" src=\"https:\/\/starotrnje-src.com\/wp-content\/uploads\/2024\/02\/347237624_719001330023438_8063071118328023150_n.jpg\" alt=\"\" class=\"wp-image-56 size-full\" srcset=\"https:\/\/starotrnje-src.com\/wp-content\/uploads\/2024\/02\/347237624_719001330023438_8063071118328023150_n.jpg 760w, https:\/\/starotrnje-src.com\/wp-content\/uploads\/2024\/02\/347237624_719001330023438_8063071118328023150_n-238x300.jpg 238w\" sizes=\"auto, (max-width: 760px) 100vw, 760px\" \/><\/figure><div class=\"wp-block-media-text__content\">\n<p>Ko je za noga\u010d? U pravoj kvartovskoj atmosferi i na vrhunskoj umjetnoj travi, na\u0161 sportski centar nudi nogometa\u0161ima super iskustvo igranja malog nogometa. O tome da na noga\u010du&nbsp;sve \u0161tima brine na\u0161 Kre\u0161o koji ve\u0107 godinama ljubomorno \u010duva neke nogometne ekipe koje najvi\u0161e vole igrati upravo na Starom Trnju. Pivicu za velke de\u010dke hladimo u klupskom kafi\u0107u a kad se svemu doda i popularna cijena kojoj ni inflacija ni\u0161 nemre onda je to dobitna kombinacija. Kaj ne?<\/p>\n\n\n\n<p><a href=\"https:\/\/starotrnje-src.com\/index.php\/nogomet\/\" data-type=\"page\" data-id=\"12\" target=\"_blank\" rel=\"noreferrer noopener\">Rezervacije i informacije<\/a><\/p>\n<\/div><\/div>\n<\/div>\n\n\n\n<div class=\"wp-block-group is-vertical is-content-justification-stretch is-layout-flex wp-container-core-group-is-layout-88260fae wp-block-group-is-layout-flex\" style=\"margin-top:var(--wp--preset--spacing--30);margin-bottom:var(--wp--preset--spacing--30)\">\n<hr class=\"wp-block-separator has-alpha-channel-opacity is-style-wide\"\/>\n\n\n\n<h4 class=\"wp-block-heading has-text-align-center\" style=\"padding-top:var(--wp--preset--spacing--10);padding-bottom:var(--wp--preset--spacing--10)\">PRO\u0160LA ZIMA, AL&#8217; BILI SMO VRIJEDNI<\/h4>\n\n\n\n<div class=\"wp-block-media-text is-stacked-on-mobile is-vertically-aligned-center is-image-fill\" style=\"padding-top:0px;padding-right:0;padding-bottom:0px;padding-left:0;grid-template-columns:56% auto\"><figure class=\"wp-block-media-text__media\" style=\"background-image:url(https:\/\/starotrnje-src.com\/wp-content\/uploads\/2024\/03\/IMG-20240323-WA0031-768x1024.jpg);background-position:5% 43%\"><img loading=\"lazy\" decoding=\"async\" width=\"768\" height=\"1024\" src=\"https:\/\/starotrnje-src.com\/wp-content\/uploads\/2024\/03\/IMG-20240323-WA0031-768x1024.jpg\" alt=\"\" class=\"wp-image-734 size-full\" srcset=\"https:\/\/starotrnje-src.com\/wp-content\/uploads\/2024\/03\/IMG-20240323-WA0031-768x1024.jpg 768w, https:\/\/starotrnje-src.com\/wp-content\/uploads\/2024\/03\/IMG-20240323-WA0031-225x300.jpg 225w, https:\/\/starotrnje-src.com\/wp-content\/uploads\/2024\/03\/IMG-20240323-WA0031-1152x1536.jpg 1152w, https:\/\/starotrnje-src.com\/wp-content\/uploads\/2024\/03\/IMG-20240323-WA0031.jpg 1200w\" sizes=\"auto, (max-width: 768px) 100vw, 768px\" \/><\/figure><div class=\"wp-block-media-text__content\">\n<p>Na\u0161a udruga SRC Staro Trnje ve\u0107 godinama uspje\u0161no upravlja sportskim centrom koji je na neki na\u010din i dnevni boravak na\u0161eg kvarta. A to zna\u010di i puno posla za sve vrijedne ruke koje centar&nbsp;odr\u017eavaju na visokoj razini kako bi posjetitelji bili zadovoljni. Svake godine trudimo se u\u010diniti i ne\u0161to vi\u0161e. Tako ovog prolje\u0107a mo\u017eete primjetiti novu stolariju na na\u0161oj glavnoj zgradi kojom smo u potpunosti zamijenili staru i dotrajalu (a neki su prozori i vrata bili tu otkad je i centra, zna\u010di puno desetlje\u0107a). Ure\u0111ena je i terasa na\u0161eg klupskog kafi\u0107a pod sjenicom gdje \u0107ete nadamo se u\u017eivati u novim sjede\u0107im garniturama a jo\u0161 uvijek se hvalimo sklopivom tendom na terasi ispred na\u0161ih klupskih prostorija. Svla\u010dionice su spremne za sve izazove u\u017eurbane ljetne sezone kod nas na Starom Trnju.<\/p>\n\n\n\n<p>Ne manje va\u017eno, osim na Facebooku od sada smo s na\u0161im dosada\u0161njim i budu\u0107im korisnicima i na na\u0161oj novoj mre\u017enoj stranici koju upravo pregledavate. I tak, kad sve ovo znate, samo sjednite i u\u017eivajte u kavici na suncu ili u\u010dinite ne\u0161to dobro za sebe i rekreirajte se na na\u0161im sportskim terenima.<\/p>\n<\/div><\/div>\n\n\n\n<hr class=\"wp-block-separator has-alpha-channel-opacity is-style-wide\" style=\"margin-top:var(--wp--preset--spacing--20);margin-bottom:var(--wp--preset--spacing--20)\"\/>\n<\/div>\n\n\n\n<div class=\"wp-block-group has-global-padding is-layout-constrained wp-block-group-is-layout-constrained\" style=\"margin-top:var(--wp--preset--spacing--30);margin-bottom:var(--wp--preset--spacing--30)\"><\/div>\n\n\n\n<div style=\"height:100px\" aria-hidden=\"true\" class=\"wp-block-spacer\"><\/div>\n","protected":false},"excerpt":{"rendered":"<p>LJETNA TENISKA SEZONA Na Starom Trnju tenis se igra od prolje\u0107a do kasne jeseni, bez zimske sezone u balonu. Na\u0161e zemljane terene smo vrhunski uredili za tenisa\u010de u suradnji s Hortikulturom Knezi\u0107 pa uz na\u0161u lanjsku veliku novost &#8211; led reflektore &#8211; nudimo sve preduvjete za odli\u010dnu igru. Uobi\u010dajeno, vrata na\u0161eg centra otvorena su od [&hellip;]<\/p>\n","protected":false},"author":1,"featured_media":0,"parent":0,"menu_order":0,"comment_status":"closed","ping_status":"closed","template":"","meta":{"footnotes":""},"class_list":["post-18","page","type-page","status-publish","hentry"],"_links":{"self":[{"href":"https:\/\/starotrnje-src.com\/index.php\/wp-json\/wp\/v2\/pages\/18","targetHints":{"allow":["GET"]}}],"collection":[{"href":"https:\/\/starotrnje-src.com\/index.php\/wp-json\/wp\/v2\/pages"}],"about":[{"href":"https:\/\/starotrnje-src.com\/index.php\/wp-json\/wp\/v2\/types\/page"}],"author":[{"embeddable":true,"href":"https:\/\/starotrnje-src.com\/index.php\/wp-json\/wp\/v2\/users\/1"}],"replies":[{"embeddable":true,"href":"https:\/\/starotrnje-src.com\/index.php\/wp-json\/wp\/v2\/comments?post=18"}],"version-history":[{"count":52,"href":"https:\/\/starotrnje-src.com\/index.php\/wp-json\/wp\/v2\/pages\/18\/revisions"}],"predecessor-version":[{"id":910,"href":"https:\/\/starotrnje-src.com\/index.php\/wp-json\/wp\/v2\/pages\/18\/revisions\/910"}],"wp:attachment":[{"href":"https:\/\/starotrnje-src.com\/index.php\/wp-json\/wp\/v2\/media?parent=18"}],"curies":[{"name":"wp","href":"https:\/\/api.w.org\/{rel}","templated":true}]}}